{"id":2817,"date":"2025-07-19T03:23:05","date_gmt":"2025-07-19T03:23:05","guid":{"rendered":"https:\/\/deeppink-cassowary-100908.hostingersite.com\/?page_id=2817"},"modified":"2025-11-25T21:29:51","modified_gmt":"2025-11-25T21:29:51","slug":"about-us","status":"publish","type":"page","link":"https:\/\/intechcenter.us\/es\/about-us\/","title":{"rendered":"Acerca de nosotros"},"content":{"rendered":"<div data-elementor-type=\"wp-page\" data-elementor-id=\"2817\" class=\"elementor elementor-2817\" data-elementor-post-type=\"page\">\n\t\t\t\t<div data-dce-background-overlay-color=\"#000000\" data-dce-background-image-url=\"http:\/\/intechcenter.us\/wp-content\/uploads\/2025\/07\/about-banner.webp\" class=\"elementor-element elementor-element-2b9ef50 e-flex e-con-boxed wpr-particle-no wpr-jarallax-no wpr-parallax-no wpr-sticky-section-no e-con e-parent\" data-id=\"2b9ef50\" data-element_type=\"container\" data-settings=\"{&quot;background_background&quot;:&quot;classic&quot;}\">\n\t\t\t\t\t<div class=\"e-con-inner\">\n\t\t<div class=\"elementor-element elementor-element-f343bda e-con-full e-flex wpr-particle-no wpr-jarallax-no wpr-parallax-no wpr-sticky-section-no e-con e-child\" data-id=\"f343bda\" data-element_type=\"container\">\n\t\t\t\t<\/div>\n\t\t\t\t\t<\/div>\n\t\t\t\t<\/div>\n\t\t<div data-dce-background-color=\"#5F94CA\" data-dce-background-overlay-color=\"#000000\" data-dce-background-image-url=\"http:\/\/intechcenter.us\/wp-content\/uploads\/2025\/07\/building-image-for-about-page-GLS-1-scaled.jpg\" class=\"elementor-element elementor-element-fdf688a e-flex e-con-boxed wpr-particle-no wpr-jarallax-no wpr-parallax-no wpr-sticky-section-no e-con e-parent\" data-id=\"fdf688a\" data-element_type=\"container\" data-settings=\"{&quot;background_background&quot;:&quot;classic&quot;}\">\n\t\t\t\t\t<div class=\"e-con-inner\">\n\t\t<div class=\"elementor-element elementor-element-06bdd7e e-con-full e-flex wpr-particle-no wpr-jarallax-no wpr-parallax-no wpr-sticky-section-no e-con e-child\" data-id=\"06bdd7e\" data-element_type=\"container\">\n\t\t<div class=\"elementor-element elementor-element-d67cb24 e-con-full e-flex wpr-particle-no wpr-jarallax-no wpr-parallax-no wpr-sticky-section-no e-con e-child\" data-id=\"d67cb24\" data-element_type=\"container\">\n\t\t<div class=\"elementor-element elementor-element-b087bcd e-con-full e-flex wpr-particle-no wpr-jarallax-no wpr-parallax-no wpr-sticky-section-no e-con e-child\" data-id=\"b087bcd\" data-element_type=\"container\">\n\t\t\t\t<div class=\"elementor-element elementor-element-ce40f51 elementor-widget__width-inherit elementor-widget-mobile__width-initial elementor-widget elementor-widget-heading\" data-id=\"ce40f51\" data-element_type=\"widget\" data-widget_type=\"heading.default\">\n\t\t\t\t\t<h2 class=\"elementor-heading-title elementor-size-default\">1<\/h2>\t\t\t\t<\/div>\n\t\t\t\t<\/div>\n\t\t<div class=\"elementor-element elementor-element-8708a38 e-con-full e-flex wpr-particle-no wpr-jarallax-no wpr-parallax-no wpr-sticky-section-no e-con e-child\" data-id=\"8708a38\" data-element_type=\"container\">\n\t\t\t\t<div class=\"elementor-element elementor-element-216c461 elementor-widget elementor-widget-heading\" data-id=\"216c461\" data-element_type=\"widget\" data-widget_type=\"heading.default\">\n\t\t\t\t\t<h2 class=\"elementor-heading-title elementor-size-default translation-block\">ACERCA DE<span class=\"stroke\"><br>NOSOTROS<\/span><\/h2>\t\t\t\t<\/div>\n\t\t\t\t<div class=\"elementor-element elementor-element-094839a elementor-widget elementor-widget-text-editor\" data-id=\"094839a\" data-element_type=\"widget\" data-widget_type=\"text-editor.default\">\n\t\t\t\t\t\t\t\t\t<p>\u00a1NUESTRA MARCA ES LUZ, NUESTRA MARCA ES INNOVACI\u00d3N!<\/p>\t\t\t\t\t\t\t\t<\/div>\n\t\t\t\t<div class=\"elementor-element elementor-element-d76d610 elementor-widget__width-initial elementor-widget elementor-widget-text-editor\" data-id=\"d76d610\" data-element_type=\"widget\" data-widget_type=\"text-editor.default\">\n\t\t\t\t\t\t\t\t\t<p>Con m\u00e1s de 12 a\u00f1os en el mercado, Global Lighting Solutions es una empresa que dise\u00f1a y distribuye soluciones de iluminaci\u00f3n con la m\u00e1s alta tecnolog\u00eda, calidad y responsabilidad ambiental.<br \/><br \/>Con presencia en m\u00e1s de 16 pa\u00edses en Centroam\u00e9rica y el Caribe, ofrecemos un portafolio integral de productos y soluciones que se adaptan a las necesidades de cada proyecto.<br \/><br \/>Nuestro equipo de consultores expertos en iluminaci\u00f3n est\u00e1 listo para brindarle un asesoramiento y servicio excepcionales para el \u00e9xito de sus proyectos.<\/p>\t\t\t\t\t\t\t\t<\/div>\n\t\t\t\t<\/div>\n\t\t\t\t<\/div>\n\t\t\t\t<\/div>\n\t\t\t\t\t<\/div>\n\t\t\t\t<\/div>\n\t\t<div data-dce-background-overlay-color=\"#000000\" data-dce-background-image-url=\"http:\/\/intechcenter.us\/wp-content\/uploads\/2025\/07\/about-image-2-new.webp\" class=\"elementor-element elementor-element-86c4345 e-flex e-con-boxed wpr-particle-no wpr-jarallax-no wpr-parallax-no wpr-sticky-section-no e-con e-parent\" data-id=\"86c4345\" data-element_type=\"container\" data-settings=\"{&quot;background_background&quot;:&quot;classic&quot;}\">\n\t\t\t\t\t<div class=\"e-con-inner\">\n\t\t<div class=\"elementor-element elementor-element-324708c e-con-full e-flex wpr-particle-no wpr-jarallax-no wpr-parallax-no wpr-sticky-section-no e-con e-child\" data-id=\"324708c\" data-element_type=\"container\">\n\t\t<div class=\"elementor-element elementor-element-990ee05 e-con-full e-flex wpr-particle-no wpr-jarallax-no wpr-parallax-no wpr-sticky-section-no e-con e-child\" data-id=\"990ee05\" data-element_type=\"container\">\n\t\t<div class=\"elementor-element elementor-element-20558f1 e-con-full e-flex wpr-particle-no wpr-jarallax-no wpr-parallax-no wpr-sticky-section-no e-con e-child\" data-id=\"20558f1\" data-element_type=\"container\">\n\t\t\t\t<div class=\"elementor-element elementor-element-ef800ca elementor-widget__width-inherit elementor-widget-mobile__width-initial elementor-widget elementor-widget-heading\" data-id=\"ef800ca\" data-element_type=\"widget\" data-widget_type=\"heading.default\">\n\t\t\t\t\t<h2 class=\"elementor-heading-title elementor-size-default\">2<\/h2>\t\t\t\t<\/div>\n\t\t\t\t<\/div>\n\t\t<div class=\"elementor-element elementor-element-c1ef321 e-con-full e-flex wpr-particle-no wpr-jarallax-no wpr-parallax-no wpr-sticky-section-no e-con e-child\" data-id=\"c1ef321\" data-element_type=\"container\">\n\t\t\t\t<div class=\"elementor-element elementor-element-88de8b4 elementor-widget elementor-widget-heading\" data-id=\"88de8b4\" data-element_type=\"widget\" data-widget_type=\"heading.default\">\n\t\t\t\t\t<h2 class=\"elementor-heading-title elementor-size-default translation-block\">LO QUE<span class=\"stroke\"><br>OFRECEMOS<\/span><\/h2>\t\t\t\t<\/div>\n\t\t\t\t<div class=\"elementor-element elementor-element-8b40f75 elementor-widget elementor-widget-text-editor\" data-id=\"8b40f75\" data-element_type=\"widget\" data-widget_type=\"text-editor.default\">\n\t\t\t\t\t\t\t\t\t<p>OFRECEMOS RESPALDO, TRAYECTORIA Y PRESTIGIO<\/p>\t\t\t\t\t\t\t\t<\/div>\n\t\t\t\t<div class=\"elementor-element elementor-element-5777a9d elementor-widget__width-initial elementor-widget elementor-widget-text-editor\" data-id=\"5777a9d\" data-element_type=\"widget\" data-widget_type=\"text-editor.default\">\n\t\t\t\t\t\t\t\t\t<p><span style=\"font-weight: 400;\">Porque nuestras marcas tienen m\u00e1s de un siglo de experiencia en la creaci\u00f3n de soluciones de iluminaci\u00f3n siendo l\u00edderes mundiales en iluminaci\u00f3n residencial, comercial, profesional e industrial.<\/span><\/p><p>\u00a0<\/p><p><span style=\"font-weight: 400;\">Nuestra amplia gama de productos y soluciones cumple los m\u00e1s altos est\u00e1ndares de calidad contando con certificaciones UL, NOM, CE entre otras. Nos esforzamos todos los d\u00edas para ofrecer a nuestros clientes lo m\u00e1s avanzado en innovaci\u00f3n tecnol\u00f3gica, eficiencia energ\u00e9tica y sostenibilidad con el medio ambiente.<\/span><\/p><p><span style=\"font-weight: 400;\">Ofrecemos nuestra capacidad y experiencia para desarrollar en conjunto con nuestros clientes, proyectos de iluminaci\u00f3n dise\u00f1ados a la medida para crear espacios \u00fanicos que se adapten a sus necesidades.<\/span><\/p>\t\t\t\t\t\t\t\t<\/div>\n\t\t\t\t<\/div>\n\t\t\t\t<\/div>\n\t\t\t\t<\/div>\n\t\t<div class=\"elementor-element elementor-element-375bace e-con-full e-flex wpr-particle-no wpr-jarallax-no wpr-parallax-no wpr-sticky-section-no e-con e-child\" data-id=\"375bace\" data-element_type=\"container\">\n\t\t<div class=\"elementor-element elementor-element-eeb032d e-con-full e-flex wpr-particle-no wpr-jarallax-no wpr-parallax-no wpr-sticky-section-no e-con e-child\" data-id=\"eeb032d\" data-element_type=\"container\">\n\t\t<div class=\"elementor-element elementor-element-1c37fb8 e-con-full e-flex wpr-particle-no wpr-jarallax-no wpr-parallax-no wpr-sticky-section-no e-con e-child\" data-id=\"1c37fb8\" data-element_type=\"container\">\n\t\t\t\t<div class=\"elementor-element elementor-element-f87d0e1 elementor-widget__width-inherit elementor-widget-mobile__width-initial elementor-widget elementor-widget-heading\" data-id=\"f87d0e1\" data-element_type=\"widget\" data-widget_type=\"heading.default\">\n\t\t\t\t\t<h2 class=\"elementor-heading-title elementor-size-default\">3<\/h2>\t\t\t\t<\/div>\n\t\t\t\t<\/div>\n\t\t<div class=\"elementor-element elementor-element-de0df07 e-con-full e-flex wpr-particle-no wpr-jarallax-no wpr-parallax-no wpr-sticky-section-no e-con e-child\" data-id=\"de0df07\" data-element_type=\"container\">\n\t\t\t\t<div class=\"elementor-element elementor-element-1697612 elementor-widget elementor-widget-heading\" data-id=\"1697612\" data-element_type=\"widget\" data-widget_type=\"heading.default\">\n\t\t\t\t\t<h2 class=\"elementor-heading-title elementor-size-default translation-block\">CERTIFICA<span class=\"stroke\">CIONES<\/span><\/h2>\t\t\t\t<\/div>\n\t\t<div class=\"elementor-element elementor-element-c5b5519 e-con-full e-flex wpr-particle-no wpr-jarallax-no wpr-parallax-no wpr-sticky-section-no e-con e-child\" data-id=\"c5b5519\" data-element_type=\"container\">\n\t\t<div class=\"elementor-element elementor-element-260d737 e-con-full e-flex wpr-particle-no wpr-jarallax-no wpr-parallax-no wpr-sticky-section-no e-con e-child\" data-id=\"260d737\" data-element_type=\"container\">\n\t\t\t\t<div class=\"elementor-element elementor-element-2196c58 dce_masking-none elementor-widget elementor-widget-image\" data-id=\"2196c58\" data-element_type=\"widget\" data-widget_type=\"image.default\">\n\t\t\t\t\t\t\t\t\t\t\t\t\t\t\t<img fetchpriority=\"high\" decoding=\"async\" width=\"960\" height=\"960\" src=\"https:\/\/intechcenter.us\/wp-content\/uploads\/2025\/07\/S-LOGO-1.png\" class=\"attachment-large size-large wp-image-2835\" alt=\"\" srcset=\"https:\/\/intechcenter.us\/wp-content\/uploads\/2025\/07\/S-LOGO-1.png 1000w, https:\/\/intechcenter.us\/wp-content\/uploads\/2025\/07\/S-LOGO-1-300x300.png 300w, https:\/\/intechcenter.us\/wp-content\/uploads\/2025\/07\/S-LOGO-1-150x150.png 150w, https:\/\/intechcenter.us\/wp-content\/uploads\/2025\/07\/S-LOGO-1-768x768.png 768w\" sizes=\"(max-width: 960px) 100vw, 960px\" \/>\t\t\t\t\t\t\t\t\t\t\t\t\t\t\t<\/div>\n\t\t\t\t<\/div>\n\t\t<div class=\"elementor-element elementor-element-3823de7 e-con-full e-flex wpr-particle-no wpr-jarallax-no wpr-parallax-no wpr-sticky-section-no e-con e-child\" data-id=\"3823de7\" data-element_type=\"container\">\n\t\t\t\t<div class=\"elementor-element elementor-element-63f51af dce_masking-none elementor-widget elementor-widget-image\" data-id=\"63f51af\" data-element_type=\"widget\" data-widget_type=\"image.default\">\n\t\t\t\t\t\t\t\t\t\t\t\t\t\t\t<img decoding=\"async\" width=\"960\" height=\"960\" src=\"https:\/\/intechcenter.us\/wp-content\/uploads\/2025\/07\/S-LOGO-2.png\" class=\"attachment-large size-large wp-image-2836\" alt=\"\" srcset=\"https:\/\/intechcenter.us\/wp-content\/uploads\/2025\/07\/S-LOGO-2.png 1000w, https:\/\/intechcenter.us\/wp-content\/uploads\/2025\/07\/S-LOGO-2-300x300.png 300w, https:\/\/intechcenter.us\/wp-content\/uploads\/2025\/07\/S-LOGO-2-150x150.png 150w, https:\/\/intechcenter.us\/wp-content\/uploads\/2025\/07\/S-LOGO-2-768x768.png 768w\" sizes=\"(max-width: 960px) 100vw, 960px\" \/>\t\t\t\t\t\t\t\t\t\t\t\t\t\t\t<\/div>\n\t\t\t\t<\/div>\n\t\t<div class=\"elementor-element elementor-element-0adcb2a e-con-full e-flex wpr-particle-no wpr-jarallax-no wpr-parallax-no wpr-sticky-section-no e-con e-child\" data-id=\"0adcb2a\" data-element_type=\"container\">\n\t\t\t\t<div class=\"elementor-element elementor-element-3e63aca dce_masking-none elementor-widget elementor-widget-image\" data-id=\"3e63aca\" data-element_type=\"widget\" data-widget_type=\"image.default\">\n\t\t\t\t\t\t\t\t\t\t\t\t\t\t\t<img decoding=\"async\" width=\"960\" height=\"960\" src=\"https:\/\/intechcenter.us\/wp-content\/uploads\/2025\/07\/S-LOGO-3.png\" class=\"attachment-large size-large wp-image-2837\" alt=\"\" srcset=\"https:\/\/intechcenter.us\/wp-content\/uploads\/2025\/07\/S-LOGO-3.png 1000w, https:\/\/intechcenter.us\/wp-content\/uploads\/2025\/07\/S-LOGO-3-300x300.png 300w, https:\/\/intechcenter.us\/wp-content\/uploads\/2025\/07\/S-LOGO-3-150x150.png 150w, https:\/\/intechcenter.us\/wp-content\/uploads\/2025\/07\/S-LOGO-3-768x768.png 768w\" sizes=\"(max-width: 960px) 100vw, 960px\" \/>\t\t\t\t\t\t\t\t\t\t\t\t\t\t\t<\/div>\n\t\t\t\t<\/div>\n\t\t<div class=\"elementor-element elementor-element-99530d5 e-con-full e-flex wpr-particle-no wpr-jarallax-no wpr-parallax-no wpr-sticky-section-no e-con e-child\" data-id=\"99530d5\" data-element_type=\"container\">\n\t\t\t\t<div class=\"elementor-element elementor-element-8f92f85 dce_masking-none elementor-widget elementor-widget-image\" data-id=\"8f92f85\" data-element_type=\"widget\" data-widget_type=\"image.default\">\n\t\t\t\t\t\t\t\t\t\t\t\t\t\t\t<img loading=\"lazy\" decoding=\"async\" width=\"960\" height=\"960\" src=\"https:\/\/intechcenter.us\/wp-content\/uploads\/2025\/07\/S-LOGO-4.png\" class=\"attachment-large size-large wp-image-2838\" alt=\"\" srcset=\"https:\/\/intechcenter.us\/wp-content\/uploads\/2025\/07\/S-LOGO-4.png 1000w, https:\/\/intechcenter.us\/wp-content\/uploads\/2025\/07\/S-LOGO-4-300x300.png 300w, https:\/\/intechcenter.us\/wp-content\/uploads\/2025\/07\/S-LOGO-4-150x150.png 150w, https:\/\/intechcenter.us\/wp-content\/uploads\/2025\/07\/S-LOGO-4-768x768.png 768w\" sizes=\"(max-width: 960px) 100vw, 960px\" \/>\t\t\t\t\t\t\t\t\t\t\t\t\t\t\t<\/div>\n\t\t\t\t<\/div>\n\t\t\t\t<\/div>\n\t\t\t\t<div class=\"elementor-element elementor-element-9e9dcc3 elementor-widget__width-initial elementor-widget elementor-widget-text-editor\" data-id=\"9e9dcc3\" data-element_type=\"widget\" data-widget_type=\"text-editor.default\">\n\t\t\t\t\t\t\t\t\t<p><span style=\"font-weight: 400;\">Dentro de nuestro amplio portafolio se comercializan soluciones en iluminaci\u00f3n bajo las m\u00e1s reconocidas certificaciones, demostrando nuestro compromiso con la seguridad y la calidad de nuestros productos.<\/span><\/p><p>\u00a0<\/p><p><span style=\"font-weight: 400;\">Contamos con productos certificados bajo UL (Underwriters Laboratories), su equivalente ETL, tambi\u00e9n DLC (Design Lights Consortium), adem\u00e1s de NOM (Normas Oficiales Mexicanas), dentro de otras.<\/span><\/p><p>\u00a0<\/p><p><span style=\"font-weight: 400;\">Cada certificaci\u00f3n en nuestros productos implica que este ha sido sometido a exhaustivos procesos y ensayos, en laboratorios debidamente acreditados, que demuestran el cumplimiento de los altos est\u00e1ndares que exige cada una de estas certificaciones, brindando confianza y satisfacci\u00f3n a nuestros clientes y aliados comerciales.<\/span><\/p>\t\t\t\t\t\t\t\t<\/div>\n\t\t\t\t<\/div>\n\t\t\t\t<\/div>\n\t\t\t\t<\/div>\n\t\t\t\t\t<\/div>\n\t\t\t\t<\/div>\n\t\t\t\t<\/div>","protected":false},"excerpt":{"rendered":"<p>1 Aboutus Our brand is light, our brand is innovation! With over 12 years in the market, Global Lighting Solutions is a company that designs and distributes lighting solutions featuring the highest technology, quality, and environmental responsibility. With a presence in more than 16 countries in Central America and the Caribbean, we offer a comprehensive portfolio of products and solutions tailored to the needs of each project. Our team of expert lighting consultants is ready to provide you with exceptional advice and service to ensure the success of your projects. 2 WhatWe offer WE OFFER SUPPORT, EXPERIENCE, AND PRESTIGE. Our brands have over a century of experience in creating lighting solutions, being global leaders in residential, commercial, professional, and industrial lighting. \u00a0 Our wide range of products and solutions meets the highest quality standards, with certifications such as UL, NOM, CE, among others. We strive every day to offer our clients the most advanced technological innovation, energy efficiency, and environmental sustainability. We bring our expertise and capabilities to work hand in hand with our clients, developing custom lighting projects to create unique spaces tailored to their needs. 3 certifications Within our extensive portfolio, we offer lighting solutions certified by the most recognized standards, demonstrating our commitment to the safety and quality of our products. \u00a0 We offer products certified under UL (Underwriters Laboratories), its equivalent ETL, as well as DLC (Design Lights Consortium), and NOM (Mexican Official Standards), among others. \u00a0 Each certification on our products means they have undergone rigorous testing and evaluations in properly accredited laboratories, demonstrating compliance with the high standards required by each certification. This ensures confidence and satisfaction for our clients and business partners<\/p>","protected":false},"author":1,"featured_media":0,"parent":0,"menu_order":0,"comment_status":"closed","ping_status":"closed","template":"elementor_header_footer","meta":{"_acf_changed":false,"footnotes":""},"class_list":["post-2817","page","type-page","status-publish","hentry"],"acf":[],"_links":{"self":[{"href":"https:\/\/intechcenter.us\/es\/wp-json\/wp\/v2\/pages\/2817","targetHints":{"allow":["GET"]}}],"collection":[{"href":"https:\/\/intechcenter.us\/es\/wp-json\/wp\/v2\/pages"}],"about":[{"href":"https:\/\/intechcenter.us\/es\/wp-json\/wp\/v2\/types\/page"}],"author":[{"embeddable":true,"href":"https:\/\/intechcenter.us\/es\/wp-json\/wp\/v2\/users\/1"}],"replies":[{"embeddable":true,"href":"https:\/\/intechcenter.us\/es\/wp-json\/wp\/v2\/comments?post=2817"}],"version-history":[{"count":135,"href":"https:\/\/intechcenter.us\/es\/wp-json\/wp\/v2\/pages\/2817\/revisions"}],"predecessor-version":[{"id":4923,"href":"https:\/\/intechcenter.us\/es\/wp-json\/wp\/v2\/pages\/2817\/revisions\/4923"}],"wp:attachment":[{"href":"https:\/\/intechcenter.us\/es\/wp-json\/wp\/v2\/media?parent=2817"}],"curies":[{"name":"wp","href":"https:\/\/api.w.org\/{rel}","templated":true}]}}